{"id":416,"date":"2017-11-09T10:12:09","date_gmt":"2017-11-09T15:12:09","guid":{"rendered":"http:\/\/cardinallog.ca\/?page_id=416"},"modified":"2025-07-16T10:50:13","modified_gmt":"2025-07-16T14:50:13","slug":"logistique","status":"publish","type":"page","link":"https:\/\/cardinallog.ca\/fr\/transport\/logistique\/","title":{"rendered":"Logistique"},"content":{"rendered":"<p class=\"lead\">Chez <strong>Cardinal Logistique<\/strong>, nous offrons bien plus que le transport : nous prenons en charge l\u2019ensemble de votre cha\u00eene logistique gr\u00e2ce \u00e0 des solutions 3PL sur mesure. Notre service inclut l\u2019<strong>entreposage s\u00e9curis\u00e9<\/strong>, la <strong>gestion des inventaires<\/strong>\u00a0et la <strong>distribution efficace<\/strong>\u00a0de vos marchandises, le tout supervis\u00e9 par une \u00e9quipe exp\u00e9riment\u00e9e et d\u00e9di\u00e9e.<\/p>\n<p>Nos entrep\u00f4ts modernes situ\u00e9s sur la Rive-Sud de Montr\u00e9al vous offrent la flexibilit\u00e9 n\u00e9cessaire pour r\u00e9pondre \u00e0 vos besoins actuels et futurs, qu\u2019il s\u2019agisse de stockage temporaire ou de gestion compl\u00e8te de vos flux logistiques.<\/p>\n<p><strong>Un seul partenaire. Une cha\u00eene logistique simplifi\u00e9e. Un service \u00e0 la hauteur.<\/strong><\/p>\n","protected":false},"excerpt":{"rendered":"<p>Chez Cardinal Logistique, nous offrons bien plus que le transport : nous prenons en charge l\u2019ensemble de votre cha\u00eene logistique gr\u00e2ce \u00e0 des solutions 3PL sur mesure. Notre service inclut l\u2019entreposage s\u00e9curis\u00e9, la gestion des inventaires\u00a0et la distribution efficace\u00a0de vos marchandises, le tout supervis\u00e9 par une \u00e9quipe exp\u00e9riment\u00e9e et d\u00e9di\u00e9e. Nos entrep\u00f4ts modernes situ\u00e9s sur [&hellip;]<\/p>\n","protected":false},"author":1,"featured_media":0,"parent":20,"menu_order":0,"comment_status":"closed","ping_status":"closed","template":"page-service-single.php","meta":{"_acf_changed":false,"footnotes":""},"class_list":["post-416","page","type-page","status-publish","hentry"],"acf":[],"yoast_head":"<!-- This site is optimized with the Yoast SEO plugin v26.6 - https:\/\/yoast.com\/wordpress\/plugins\/seo\/ -->\n<title>Logistique - Cardinal Logistique<\/title>\n<meta name=\"robots\" content=\"index, follow, max-snippet:-1, max-image-preview:large, max-video-preview:-1\" \/>\n<link rel=\"canonical\" href=\"https:\/\/cardinallog.ca\/fr\/transport\/logistique\/\" \/>\n<meta property=\"og:locale\" content=\"fr_FR\" \/>\n<meta property=\"og:type\" content=\"article\" \/>\n<meta property=\"og:title\" content=\"Logistique - Cardinal Logistique\" \/>\n<meta property=\"og:description\" content=\"Chez Cardinal Logistique, nous offrons bien plus que le transport : nous prenons en charge l\u2019ensemble de votre cha\u00eene logistique gr\u00e2ce \u00e0 des solutions 3PL sur mesure. Notre service inclut l\u2019entreposage s\u00e9curis\u00e9, la gestion des inventaires\u00a0et la distribution efficace\u00a0de vos marchandises, le tout supervis\u00e9 par une \u00e9quipe exp\u00e9riment\u00e9e et d\u00e9di\u00e9e. Nos entrep\u00f4ts modernes situ\u00e9s sur [&hellip;]\" \/>\n<meta property=\"og:url\" content=\"https:\/\/cardinallog.ca\/fr\/transport\/logistique\/\" \/>\n<meta property=\"og:site_name\" content=\"Cardinal Logistique\" \/>\n<meta property=\"article:publisher\" content=\"https:\/\/www.facebook.com\/cardinallogistique\/\" \/>\n<meta property=\"article:modified_time\" content=\"2025-07-16T14:50:13+00:00\" \/>\n<meta property=\"og:image\" content=\"https:\/\/cardinallog.ca\/wp-content\/uploads\/2018\/01\/cardinallog-og.jpg\" \/>\n\t<meta property=\"og:image:width\" content=\"1200\" \/>\n\t<meta property=\"og:image:height\" content=\"630\" \/>\n\t<meta property=\"og:image:type\" content=\"image\/jpeg\" \/>\n<meta name=\"twitter:card\" content=\"summary_large_image\" \/>\n<meta name=\"twitter:label1\" content=\"Dur\u00e9e de lecture estim\u00e9e\" \/>\n\t<meta name=\"twitter:data1\" content=\"1 minute\" \/>\n<script type=\"application\/ld+json\" class=\"yoast-schema-graph\">{\"@context\":\"https:\/\/schema.org\",\"@graph\":[{\"@type\":\"WebPage\",\"@id\":\"https:\/\/cardinallog.ca\/fr\/transport\/logistique\/\",\"url\":\"https:\/\/cardinallog.ca\/fr\/transport\/logistique\/\",\"name\":\"Logistique - Cardinal Logistique\",\"isPartOf\":{\"@id\":\"https:\/\/cardinallog.ca\/fr\/#website\"},\"datePublished\":\"2017-11-09T15:12:09+00:00\",\"dateModified\":\"2025-07-16T14:50:13+00:00\",\"breadcrumb\":{\"@id\":\"https:\/\/cardinallog.ca\/fr\/transport\/logistique\/#breadcrumb\"},\"inLanguage\":\"fr-FR\",\"potentialAction\":[{\"@type\":\"ReadAction\",\"target\":[\"https:\/\/cardinallog.ca\/fr\/transport\/logistique\/\"]}]},{\"@type\":\"BreadcrumbList\",\"@id\":\"https:\/\/cardinallog.ca\/fr\/transport\/logistique\/#breadcrumb\",\"itemListElement\":[{\"@type\":\"ListItem\",\"position\":1,\"name\":\"Accueil\",\"item\":\"https:\/\/cardinallog.ca\/fr\/\"},{\"@type\":\"ListItem\",\"position\":2,\"name\":\"Transport\",\"item\":\"https:\/\/cardinallog.ca\/fr\/transport\/\"},{\"@type\":\"ListItem\",\"position\":3,\"name\":\"Logistique\"}]},{\"@type\":\"WebSite\",\"@id\":\"https:\/\/cardinallog.ca\/fr\/#website\",\"url\":\"https:\/\/cardinallog.ca\/fr\/\",\"name\":\"Cardinal Logistique\",\"description\":\"La solution pour vos besoins de transport\",\"publisher\":{\"@id\":\"https:\/\/cardinallog.ca\/fr\/#organization\"},\"potentialAction\":[{\"@type\":\"SearchAction\",\"target\":{\"@type\":\"EntryPoint\",\"urlTemplate\":\"https:\/\/cardinallog.ca\/fr\/?s={search_term_string}\"},\"query-input\":{\"@type\":\"PropertyValueSpecification\",\"valueRequired\":true,\"valueName\":\"search_term_string\"}}],\"inLanguage\":\"fr-FR\"},{\"@type\":\"Organization\",\"@id\":\"https:\/\/cardinallog.ca\/fr\/#organization\",\"name\":\"Cardinal Logistique\",\"url\":\"https:\/\/cardinallog.ca\/fr\/\",\"logo\":{\"@type\":\"ImageObject\",\"inLanguage\":\"fr-FR\",\"@id\":\"https:\/\/cardinallog.ca\/fr\/#\/schema\/logo\/image\/\",\"url\":\"https:\/\/cardinallog.ca\/wp-content\/uploads\/2018\/01\/cardinallog-og.jpg\",\"contentUrl\":\"https:\/\/cardinallog.ca\/wp-content\/uploads\/2018\/01\/cardinallog-og.jpg\",\"width\":1200,\"height\":630,\"caption\":\"Cardinal Logistique\"},\"image\":{\"@id\":\"https:\/\/cardinallog.ca\/fr\/#\/schema\/logo\/image\/\"},\"sameAs\":[\"https:\/\/www.facebook.com\/cardinallogistique\/\"]}]}<\/script>\n<!-- \/ Yoast SEO plugin. -->","yoast_head_json":{"title":"Logistique - Cardinal Logistique","robots":{"index":"index","follow":"follow","max-snippet":"max-snippet:-1","max-image-preview":"max-image-preview:large","max-video-preview":"max-video-preview:-1"},"canonical":"https:\/\/cardinallog.ca\/fr\/transport\/logistique\/","og_locale":"fr_FR","og_type":"article","og_title":"Logistique - Cardinal Logistique","og_description":"Chez Cardinal Logistique, nous offrons bien plus que le transport : nous prenons en charge l\u2019ensemble de votre cha\u00eene logistique gr\u00e2ce \u00e0 des solutions 3PL sur mesure. Notre service inclut l\u2019entreposage s\u00e9curis\u00e9, la gestion des inventaires\u00a0et la distribution efficace\u00a0de vos marchandises, le tout supervis\u00e9 par une \u00e9quipe exp\u00e9riment\u00e9e et d\u00e9di\u00e9e. Nos entrep\u00f4ts modernes situ\u00e9s sur [&hellip;]","og_url":"https:\/\/cardinallog.ca\/fr\/transport\/logistique\/","og_site_name":"Cardinal Logistique","article_publisher":"https:\/\/www.facebook.com\/cardinallogistique\/","article_modified_time":"2025-07-16T14:50:13+00:00","og_image":[{"width":1200,"height":630,"url":"https:\/\/cardinallog.ca\/wp-content\/uploads\/2018\/01\/cardinallog-og.jpg","type":"image\/jpeg"}],"twitter_card":"summary_large_image","twitter_misc":{"Dur\u00e9e de lecture estim\u00e9e":"1 minute"},"schema":{"@context":"https:\/\/schema.org","@graph":[{"@type":"WebPage","@id":"https:\/\/cardinallog.ca\/fr\/transport\/logistique\/","url":"https:\/\/cardinallog.ca\/fr\/transport\/logistique\/","name":"Logistique - Cardinal Logistique","isPartOf":{"@id":"https:\/\/cardinallog.ca\/fr\/#website"},"datePublished":"2017-11-09T15:12:09+00:00","dateModified":"2025-07-16T14:50:13+00:00","breadcrumb":{"@id":"https:\/\/cardinallog.ca\/fr\/transport\/logistique\/#breadcrumb"},"inLanguage":"fr-FR","potentialAction":[{"@type":"ReadAction","target":["https:\/\/cardinallog.ca\/fr\/transport\/logistique\/"]}]},{"@type":"BreadcrumbList","@id":"https:\/\/cardinallog.ca\/fr\/transport\/logistique\/#breadcrumb","itemListElement":[{"@type":"ListItem","position":1,"name":"Accueil","item":"https:\/\/cardinallog.ca\/fr\/"},{"@type":"ListItem","position":2,"name":"Transport","item":"https:\/\/cardinallog.ca\/fr\/transport\/"},{"@type":"ListItem","position":3,"name":"Logistique"}]},{"@type":"WebSite","@id":"https:\/\/cardinallog.ca\/fr\/#website","url":"https:\/\/cardinallog.ca\/fr\/","name":"Cardinal Logistique","description":"La solution pour vos besoins de transport","publisher":{"@id":"https:\/\/cardinallog.ca\/fr\/#organization"},"potentialAction":[{"@type":"SearchAction","target":{"@type":"EntryPoint","urlTemplate":"https:\/\/cardinallog.ca\/fr\/?s={search_term_string}"},"query-input":{"@type":"PropertyValueSpecification","valueRequired":true,"valueName":"search_term_string"}}],"inLanguage":"fr-FR"},{"@type":"Organization","@id":"https:\/\/cardinallog.ca\/fr\/#organization","name":"Cardinal Logistique","url":"https:\/\/cardinallog.ca\/fr\/","logo":{"@type":"ImageObject","inLanguage":"fr-FR","@id":"https:\/\/cardinallog.ca\/fr\/#\/schema\/logo\/image\/","url":"https:\/\/cardinallog.ca\/wp-content\/uploads\/2018\/01\/cardinallog-og.jpg","contentUrl":"https:\/\/cardinallog.ca\/wp-content\/uploads\/2018\/01\/cardinallog-og.jpg","width":1200,"height":630,"caption":"Cardinal Logistique"},"image":{"@id":"https:\/\/cardinallog.ca\/fr\/#\/schema\/logo\/image\/"},"sameAs":["https:\/\/www.facebook.com\/cardinallogistique\/"]}]}},"_links":{"self":[{"href":"https:\/\/cardinallog.ca\/fr\/wp-json\/wp\/v2\/pages\/416","targetHints":{"allow":["GET"]}}],"collection":[{"href":"https:\/\/cardinallog.ca\/fr\/wp-json\/wp\/v2\/pages"}],"about":[{"href":"https:\/\/cardinallog.ca\/fr\/wp-json\/wp\/v2\/types\/page"}],"author":[{"embeddable":true,"href":"https:\/\/cardinallog.ca\/fr\/wp-json\/wp\/v2\/users\/1"}],"replies":[{"embeddable":true,"href":"https:\/\/cardinallog.ca\/fr\/wp-json\/wp\/v2\/comments?post=416"}],"version-history":[{"count":0,"href":"https:\/\/cardinallog.ca\/fr\/wp-json\/wp\/v2\/pages\/416\/revisions"}],"up":[{"embeddable":true,"href":"https:\/\/cardinallog.ca\/fr\/wp-json\/wp\/v2\/pages\/20"}],"wp:attachment":[{"href":"https:\/\/cardinallog.ca\/fr\/wp-json\/wp\/v2\/media?parent=416"}],"curies":[{"name":"wp","href":"https:\/\/api.w.org\/{rel}","templated":true}]}}