{"id":14,"date":"2017-09-20T14:41:05","date_gmt":"2017-09-20T18:41:05","guid":{"rendered":"http:\/\/cardinallog.ca\/?page_id=14\/"},"modified":"2025-07-16T10:13:47","modified_gmt":"2025-07-16T14:13:47","slug":"mission","status":"publish","type":"page","link":"https:\/\/cardinallog.ca\/fr\/entreprise\/mission\/","title":{"rendered":"Mission"},"content":{"rendered":"<p class=\"lead\">La mission de l\u2019entreprise est d\u2019offrir un service de qualit\u00e9 sup\u00e9rieur adapt\u00e9 \u00e0 tous vos besoins autant au niveau du transport, de l\u2019entreposage et de la distribution. Cardinal Logistique offre une approche personnalis\u00e9e ayant \u00e0 c\u0153ur la satisfaction de son personnel et de ses clients.<\/p>\n<p>Depuis plus de 20 ans, nous b\u00e2tissons des partenariats durables fond\u00e9s sur la confiance, l\u2019engagement et la performance, en fournissant des services logistiques de qualit\u00e9 qui r\u00e9pondent aux besoins r\u00e9els des entreprises d\u2019aujourd\u2019hui.<\/p>\n<p>Nous sommes l\u00e0 pour prendre soin de votre logistique comme si c\u2019\u00e9tait la n\u00f4tre. Transport, entreposage, distribution\u00a0: nous offrons la tranquillit\u00e9 d\u2019esprit jour apr\u00e8s jour.<\/p>\n","protected":false},"excerpt":{"rendered":"<p>La mission de l\u2019entreprise est d\u2019offrir un service de qualit\u00e9 sup\u00e9rieur adapt\u00e9 \u00e0 tous vos besoins autant au niveau du transport, de l\u2019entreposage et de la distribution. Cardinal Logistique offre une approche personnalis\u00e9e ayant \u00e0 c\u0153ur la satisfaction de son personnel et de ses clients. Depuis plus de 20 ans, nous b\u00e2tissons des partenariats durables [&hellip;]<\/p>\n","protected":false},"author":1,"featured_media":768,"parent":12,"menu_order":0,"comment_status":"closed","ping_status":"closed","template":"page-mission.php","meta":{"_acf_changed":false,"footnotes":""},"class_list":["post-14","page","type-page","status-publish","has-post-thumbnail","hentry"],"acf":[],"yoast_head":"<!-- This site is optimized with the Yoast SEO plugin v26.6 - https:\/\/yoast.com\/wordpress\/plugins\/seo\/ -->\n<title>Mission - Cardinal Logistique<\/title>\n<meta name=\"robots\" content=\"index, follow, max-snippet:-1, max-image-preview:large, max-video-preview:-1\" \/>\n<link rel=\"canonical\" href=\"https:\/\/cardinallog.ca\/fr\/entreprise\/mission\/\" \/>\n<meta property=\"og:locale\" content=\"fr_FR\" \/>\n<meta property=\"og:type\" content=\"article\" \/>\n<meta property=\"og:title\" content=\"Mission - Cardinal Logistique\" \/>\n<meta property=\"og:description\" content=\"La mission de l\u2019entreprise est d\u2019offrir un service de qualit\u00e9 sup\u00e9rieur adapt\u00e9 \u00e0 tous vos besoins autant au niveau du transport, de l\u2019entreposage et de la distribution. Cardinal Logistique offre une approche personnalis\u00e9e ayant \u00e0 c\u0153ur la satisfaction de son personnel et de ses clients. Depuis plus de 20 ans, nous b\u00e2tissons des partenariats durables [&hellip;]\" \/>\n<meta property=\"og:url\" content=\"https:\/\/cardinallog.ca\/fr\/entreprise\/mission\/\" \/>\n<meta property=\"og:site_name\" content=\"Cardinal Logistique\" \/>\n<meta property=\"article:publisher\" content=\"https:\/\/www.facebook.com\/cardinallogistique\/\" \/>\n<meta property=\"article:modified_time\" content=\"2025-07-16T14:13:47+00:00\" \/>\n<meta property=\"og:image\" content=\"https:\/\/cardinallog.ca\/wp-content\/uploads\/2018\/01\/mission-driver.jpg\" \/>\n\t<meta property=\"og:image:width\" content=\"718\" \/>\n\t<meta property=\"og:image:height\" content=\"830\" \/>\n\t<meta property=\"og:image:type\" content=\"image\/jpeg\" \/>\n<meta name=\"twitter:card\" content=\"summary_large_image\" \/>\n<meta name=\"twitter:label1\" content=\"Dur\u00e9e de lecture estim\u00e9e\" \/>\n\t<meta name=\"twitter:data1\" content=\"1 minute\" \/>\n<script type=\"application\/ld+json\" class=\"yoast-schema-graph\">{\"@context\":\"https:\/\/schema.org\",\"@graph\":[{\"@type\":\"WebPage\",\"@id\":\"https:\/\/cardinallog.ca\/fr\/entreprise\/mission\/\",\"url\":\"https:\/\/cardinallog.ca\/fr\/entreprise\/mission\/\",\"name\":\"Mission - Cardinal Logistique\",\"isPartOf\":{\"@id\":\"https:\/\/cardinallog.ca\/fr\/#website\"},\"primaryImageOfPage\":{\"@id\":\"https:\/\/cardinallog.ca\/fr\/entreprise\/mission\/#primaryimage\"},\"image\":{\"@id\":\"https:\/\/cardinallog.ca\/fr\/entreprise\/mission\/#primaryimage\"},\"thumbnailUrl\":\"https:\/\/cardinallog.ca\/wp-content\/uploads\/2018\/01\/mission-driver.jpg\",\"datePublished\":\"2017-09-20T18:41:05+00:00\",\"dateModified\":\"2025-07-16T14:13:47+00:00\",\"breadcrumb\":{\"@id\":\"https:\/\/cardinallog.ca\/fr\/entreprise\/mission\/#breadcrumb\"},\"inLanguage\":\"fr-FR\",\"potentialAction\":[{\"@type\":\"ReadAction\",\"target\":[\"https:\/\/cardinallog.ca\/fr\/entreprise\/mission\/\"]}]},{\"@type\":\"ImageObject\",\"inLanguage\":\"fr-FR\",\"@id\":\"https:\/\/cardinallog.ca\/fr\/entreprise\/mission\/#primaryimage\",\"url\":\"https:\/\/cardinallog.ca\/wp-content\/uploads\/2018\/01\/mission-driver.jpg\",\"contentUrl\":\"https:\/\/cardinallog.ca\/wp-content\/uploads\/2018\/01\/mission-driver.jpg\",\"width\":718,\"height\":830},{\"@type\":\"BreadcrumbList\",\"@id\":\"https:\/\/cardinallog.ca\/fr\/entreprise\/mission\/#breadcrumb\",\"itemListElement\":[{\"@type\":\"ListItem\",\"position\":1,\"name\":\"Accueil\",\"item\":\"https:\/\/cardinallog.ca\/fr\/\"},{\"@type\":\"ListItem\",\"position\":2,\"name\":\"Entreprise\",\"item\":\"https:\/\/cardinallog.ca\/fr\/entreprise\/\"},{\"@type\":\"ListItem\",\"position\":3,\"name\":\"Mission\"}]},{\"@type\":\"WebSite\",\"@id\":\"https:\/\/cardinallog.ca\/fr\/#website\",\"url\":\"https:\/\/cardinallog.ca\/fr\/\",\"name\":\"Cardinal Logistique\",\"description\":\"La solution pour vos besoins de transport\",\"publisher\":{\"@id\":\"https:\/\/cardinallog.ca\/fr\/#organization\"},\"potentialAction\":[{\"@type\":\"SearchAction\",\"target\":{\"@type\":\"EntryPoint\",\"urlTemplate\":\"https:\/\/cardinallog.ca\/fr\/?s={search_term_string}\"},\"query-input\":{\"@type\":\"PropertyValueSpecification\",\"valueRequired\":true,\"valueName\":\"search_term_string\"}}],\"inLanguage\":\"fr-FR\"},{\"@type\":\"Organization\",\"@id\":\"https:\/\/cardinallog.ca\/fr\/#organization\",\"name\":\"Cardinal Logistique\",\"url\":\"https:\/\/cardinallog.ca\/fr\/\",\"logo\":{\"@type\":\"ImageObject\",\"inLanguage\":\"fr-FR\",\"@id\":\"https:\/\/cardinallog.ca\/fr\/#\/schema\/logo\/image\/\",\"url\":\"https:\/\/cardinallog.ca\/wp-content\/uploads\/2018\/01\/cardinallog-og.jpg\",\"contentUrl\":\"https:\/\/cardinallog.ca\/wp-content\/uploads\/2018\/01\/cardinallog-og.jpg\",\"width\":1200,\"height\":630,\"caption\":\"Cardinal Logistique\"},\"image\":{\"@id\":\"https:\/\/cardinallog.ca\/fr\/#\/schema\/logo\/image\/\"},\"sameAs\":[\"https:\/\/www.facebook.com\/cardinallogistique\/\"]}]}<\/script>\n<!-- \/ Yoast SEO plugin. -->","yoast_head_json":{"title":"Mission - Cardinal Logistique","robots":{"index":"index","follow":"follow","max-snippet":"max-snippet:-1","max-image-preview":"max-image-preview:large","max-video-preview":"max-video-preview:-1"},"canonical":"https:\/\/cardinallog.ca\/fr\/entreprise\/mission\/","og_locale":"fr_FR","og_type":"article","og_title":"Mission - Cardinal Logistique","og_description":"La mission de l\u2019entreprise est d\u2019offrir un service de qualit\u00e9 sup\u00e9rieur adapt\u00e9 \u00e0 tous vos besoins autant au niveau du transport, de l\u2019entreposage et de la distribution. Cardinal Logistique offre une approche personnalis\u00e9e ayant \u00e0 c\u0153ur la satisfaction de son personnel et de ses clients. Depuis plus de 20 ans, nous b\u00e2tissons des partenariats durables [&hellip;]","og_url":"https:\/\/cardinallog.ca\/fr\/entreprise\/mission\/","og_site_name":"Cardinal Logistique","article_publisher":"https:\/\/www.facebook.com\/cardinallogistique\/","article_modified_time":"2025-07-16T14:13:47+00:00","og_image":[{"width":718,"height":830,"url":"https:\/\/cardinallog.ca\/wp-content\/uploads\/2018\/01\/mission-driver.jpg","type":"image\/jpeg"}],"twitter_card":"summary_large_image","twitter_misc":{"Dur\u00e9e de lecture estim\u00e9e":"1 minute"},"schema":{"@context":"https:\/\/schema.org","@graph":[{"@type":"WebPage","@id":"https:\/\/cardinallog.ca\/fr\/entreprise\/mission\/","url":"https:\/\/cardinallog.ca\/fr\/entreprise\/mission\/","name":"Mission - Cardinal Logistique","isPartOf":{"@id":"https:\/\/cardinallog.ca\/fr\/#website"},"primaryImageOfPage":{"@id":"https:\/\/cardinallog.ca\/fr\/entreprise\/mission\/#primaryimage"},"image":{"@id":"https:\/\/cardinallog.ca\/fr\/entreprise\/mission\/#primaryimage"},"thumbnailUrl":"https:\/\/cardinallog.ca\/wp-content\/uploads\/2018\/01\/mission-driver.jpg","datePublished":"2017-09-20T18:41:05+00:00","dateModified":"2025-07-16T14:13:47+00:00","breadcrumb":{"@id":"https:\/\/cardinallog.ca\/fr\/entreprise\/mission\/#breadcrumb"},"inLanguage":"fr-FR","potentialAction":[{"@type":"ReadAction","target":["https:\/\/cardinallog.ca\/fr\/entreprise\/mission\/"]}]},{"@type":"ImageObject","inLanguage":"fr-FR","@id":"https:\/\/cardinallog.ca\/fr\/entreprise\/mission\/#primaryimage","url":"https:\/\/cardinallog.ca\/wp-content\/uploads\/2018\/01\/mission-driver.jpg","contentUrl":"https:\/\/cardinallog.ca\/wp-content\/uploads\/2018\/01\/mission-driver.jpg","width":718,"height":830},{"@type":"BreadcrumbList","@id":"https:\/\/cardinallog.ca\/fr\/entreprise\/mission\/#breadcrumb","itemListElement":[{"@type":"ListItem","position":1,"name":"Accueil","item":"https:\/\/cardinallog.ca\/fr\/"},{"@type":"ListItem","position":2,"name":"Entreprise","item":"https:\/\/cardinallog.ca\/fr\/entreprise\/"},{"@type":"ListItem","position":3,"name":"Mission"}]},{"@type":"WebSite","@id":"https:\/\/cardinallog.ca\/fr\/#website","url":"https:\/\/cardinallog.ca\/fr\/","name":"Cardinal Logistique","description":"La solution pour vos besoins de transport","publisher":{"@id":"https:\/\/cardinallog.ca\/fr\/#organization"},"potentialAction":[{"@type":"SearchAction","target":{"@type":"EntryPoint","urlTemplate":"https:\/\/cardinallog.ca\/fr\/?s={search_term_string}"},"query-input":{"@type":"PropertyValueSpecification","valueRequired":true,"valueName":"search_term_string"}}],"inLanguage":"fr-FR"},{"@type":"Organization","@id":"https:\/\/cardinallog.ca\/fr\/#organization","name":"Cardinal Logistique","url":"https:\/\/cardinallog.ca\/fr\/","logo":{"@type":"ImageObject","inLanguage":"fr-FR","@id":"https:\/\/cardinallog.ca\/fr\/#\/schema\/logo\/image\/","url":"https:\/\/cardinallog.ca\/wp-content\/uploads\/2018\/01\/cardinallog-og.jpg","contentUrl":"https:\/\/cardinallog.ca\/wp-content\/uploads\/2018\/01\/cardinallog-og.jpg","width":1200,"height":630,"caption":"Cardinal Logistique"},"image":{"@id":"https:\/\/cardinallog.ca\/fr\/#\/schema\/logo\/image\/"},"sameAs":["https:\/\/www.facebook.com\/cardinallogistique\/"]}]}},"_links":{"self":[{"href":"https:\/\/cardinallog.ca\/fr\/wp-json\/wp\/v2\/pages\/14","targetHints":{"allow":["GET"]}}],"collection":[{"href":"https:\/\/cardinallog.ca\/fr\/wp-json\/wp\/v2\/pages"}],"about":[{"href":"https:\/\/cardinallog.ca\/fr\/wp-json\/wp\/v2\/types\/page"}],"author":[{"embeddable":true,"href":"https:\/\/cardinallog.ca\/fr\/wp-json\/wp\/v2\/users\/1"}],"replies":[{"embeddable":true,"href":"https:\/\/cardinallog.ca\/fr\/wp-json\/wp\/v2\/comments?post=14"}],"version-history":[{"count":1,"href":"https:\/\/cardinallog.ca\/fr\/wp-json\/wp\/v2\/pages\/14\/revisions"}],"predecessor-version":[{"id":1041,"href":"https:\/\/cardinallog.ca\/fr\/wp-json\/wp\/v2\/pages\/14\/revisions\/1041"}],"up":[{"embeddable":true,"href":"https:\/\/cardinallog.ca\/fr\/wp-json\/wp\/v2\/pages\/12"}],"wp:featuredmedia":[{"embeddable":true,"href":"https:\/\/cardinallog.ca\/fr\/wp-json\/wp\/v2\/media\/768"}],"wp:attachment":[{"href":"https:\/\/cardinallog.ca\/fr\/wp-json\/wp\/v2\/media?parent=14"}],"curies":[{"name":"wp","href":"https:\/\/api.w.org\/{rel}","templated":true}]}}